{"id":1321,"date":"2022-04-25T10:41:57","date_gmt":"2022-04-25T09:41:57","guid":{"rendered":"https:\/\/wp.mavimendes.com\/?page_id=1321"},"modified":"2022-04-25T11:18:46","modified_gmt":"2022-04-25T10:18:46","slug":"contactos","status":"publish","type":"page","link":"https:\/\/wp.mavimendes.com\/?page_id=1321","title":{"rendered":"Contactos"},"content":{"rendered":"\n<div class=\"wp-block-contact-form-7-contact-form-selector\"><p class=\"wpcf7-subscribers-only\">Este formul\u00e1rio de contacto est\u00e1 dispon\u00edvel apenas para utilizadores com sess\u00e3o iniciada.<\/p><\/div>\n","protected":false},"excerpt":{"rendered":"","protected":false},"author":1,"featured_media":0,"parent":0,"menu_order":0,"comment_status":"closed","ping_status":"closed","template":"","meta":{"footnotes":"","_links_to":"","_links_to_target":""},"class_list":["post-1321","page","type-page","status-publish","hentry"],"jetpack_sharing_enabled":true,"_links":{"self":[{"href":"https:\/\/wp.mavimendes.com\/index.php?rest_route=\/wp\/v2\/pages\/1321","targetHints":{"allow":["GET"]}}],"collection":[{"href":"https:\/\/wp.mavimendes.com\/index.php?rest_route=\/wp\/v2\/pages"}],"about":[{"href":"https:\/\/wp.mavimendes.com\/index.php?rest_route=\/wp\/v2\/types\/page"}],"author":[{"embeddable":true,"href":"https:\/\/wp.mavimendes.com\/index.php?rest_route=\/wp\/v2\/users\/1"}],"replies":[{"embeddable":true,"href":"https:\/\/wp.mavimendes.com\/index.php?rest_route=%2Fwp%2Fv2%2Fcomments&post=1321"}],"version-history":[{"count":6,"href":"https:\/\/wp.mavimendes.com\/index.php?rest_route=\/wp\/v2\/pages\/1321\/revisions"}],"predecessor-version":[{"id":1327,"href":"https:\/\/wp.mavimendes.com\/index.php?rest_route=\/wp\/v2\/pages\/1321\/revisions\/1327"}],"wp:attachment":[{"href":"https:\/\/wp.mavimendes.com\/index.php?rest_route=%2Fwp%2Fv2%2Fmedia&parent=1321"}],"curies":[{"name":"wp","href":"https:\/\/api.w.org\/{rel}","templated":true}]}}